{"id":1137,"date":"2024-07-25T01:39:43","date_gmt":"2024-07-25T06:39:43","guid":{"rendered":"https:\/\/jrcompusolutionshosting.com\/chalet\/?page_id=1137"},"modified":"2024-07-25T09:46:49","modified_gmt":"2024-07-25T14:46:49","slug":"activites","status":"publish","type":"page","link":"https:\/\/jrcompusolutionshosting.com\/chalet\/activites\/","title":{"rendered":"Activites"},"content":{"rendered":"\t\t<div data-elementor-type=\"wp-page\" data-elementor-id=\"1137\" class=\"elementor elementor-1137\">\n\t\t\t\t<div class=\"elementor-element elementor-element-2af483c e-flex e-con-boxed e-con e-parent\" data-id=\"2af483c\" data-element_type=\"container\">\n\t\t\t\t\t<div class=\"e-con-inner\">\n\t\t\t\t<div class=\"elementor-element elementor-element-43b10c3 elementor-widget elementor-widget-spacer\" data-id=\"43b10c3\" data-element_type=\"widget\" data-widget_type=\"spacer.default\">\n\t\t\t\t<div class=\"elementor-widget-container\">\n\t\t\t\t\t\t\t<div class=\"elementor-spacer\">\n\t\t\t<div class=\"elementor-spacer-inner\"><\/div>\n\t\t<\/div>\n\t\t\t\t\t\t<\/div>\n\t\t\t\t<\/div>\n\t\t\t\t<div class=\"elementor-element elementor-element-7ba2577 elementor-widget elementor-widget-heading\" data-id=\"7ba2577\" data-element_type=\"widget\" data-widget_type=\"heading.default\">\n\t\t\t\t<div class=\"elementor-widget-container\">\n\t\t\t\t\t<h1 class=\"elementor-heading-title elementor-size-default\">Activit\u00e9s<\/h1>\t\t\t\t<\/div>\n\t\t\t\t<\/div>\n\t\t\t\t\t<\/div>\n\t\t\t\t<\/div>\n\t\t<div class=\"elementor-element elementor-element-9797b7f e-flex e-con-boxed e-con e-parent\" data-id=\"9797b7f\" data-element_type=\"container\">\n\t\t\t\t\t<div class=\"e-con-inner\">\n\t\t\t\t<div class=\"elementor-element elementor-element-48a0e75 elementor-widget elementor-widget-text-editor\" data-id=\"48a0e75\" data-element_type=\"widget\" data-widget_type=\"text-editor.default\">\n\t\t\t\t<div class=\"elementor-widget-container\">\n\t\t\t\t\t\t\t\t\t<p>Chalet Beausoleil offre une multitude d&#8217;activit\u00e9s pour tous les go\u00fbts et toutes les saisons. Que vous soyez en qu\u00eate d&#8217;aventure, de d\u00e9tente, ou de d\u00e9couverte culturelle, vous trouverez de quoi vous satisfaire dans cette charmante r\u00e9gion du Qu\u00e9bec.<\/p>\t\t\t\t\t\t\t\t<\/div>\n\t\t\t\t<\/div>\n\t\t\t\t\t<\/div>\n\t\t\t\t<\/div>\n\t\t<div class=\"elementor-element elementor-element-8708cbd e-grid e-con-boxed e-con e-parent\" data-id=\"8708cbd\" data-element_type=\"container\" data-settings=\"{&quot;background_background&quot;:&quot;classic&quot;}\">\n\t\t\t\t\t<div class=\"e-con-inner\">\n\t\t\t\t<div class=\"elementor-element elementor-element-ae857a8 elementor-widget elementor-widget-image\" data-id=\"ae857a8\" data-element_type=\"widget\" data-widget_type=\"image.default\">\n\t\t\t\t<div class=\"elementor-widget-container\">\n\t\t\t\t\t\t\t\t\t\t\t\t\t\t\t\t<a href=\"https:\/\/jrcompusolutionshosting.com\/chalet\/wp-content\/uploads\/2024\/07\/ActivitesNeige04-1.jpg\" data-elementor-open-lightbox=\"yes\" data-elementor-lightbox-title=\"ActivitesNeige04\" data-e-action-hash=\"#elementor-action%3Aaction%3Dlightbox%26settings%3DeyJpZCI6MTIyNywidXJsIjoiaHR0cHM6XC9cL2pyY29tcHVzb2x1dGlvbnNob3N0aW5nLmNvbVwvY2hhbGV0XC93cC1jb250ZW50XC91cGxvYWRzXC8yMDI0XC8wN1wvQWN0aXZpdGVzTmVpZ2UwNC0xLmpwZyJ9\">\n\t\t\t\t\t\t\t<img fetchpriority=\"high\" decoding=\"async\" width=\"1000\" height=\"600\" src=\"https:\/\/jrcompusolutionshosting.com\/chalet\/wp-content\/uploads\/2024\/07\/ActivitesNeige04-1.jpg\" class=\"attachment-large size-large wp-image-1227\" alt=\"\" srcset=\"https:\/\/jrcompusolutionshosting.com\/chalet\/wp-content\/uploads\/2024\/07\/ActivitesNeige04-1.jpg 1000w, https:\/\/jrcompusolutionshosting.com\/chalet\/wp-content\/uploads\/2024\/07\/ActivitesNeige04-1-300x180.jpg 300w, https:\/\/jrcompusolutionshosting.com\/chalet\/wp-content\/uploads\/2024\/07\/ActivitesNeige04-1-768x461.jpg 768w\" sizes=\"(max-width: 1000px) 100vw, 1000px\" \/>\t\t\t\t\t\t\t\t<\/a>\n\t\t\t\t\t\t\t\t\t\t\t\t\t\t\t<\/div>\n\t\t\t\t<\/div>\n\t\t\t\t<div class=\"elementor-element elementor-element-c016bb2 elementor-widget elementor-widget-image\" data-id=\"c016bb2\" data-element_type=\"widget\" data-widget_type=\"image.default\">\n\t\t\t\t<div class=\"elementor-widget-container\">\n\t\t\t\t\t\t\t\t\t\t\t\t\t\t\t\t<a href=\"https:\/\/jrcompusolutionshosting.com\/chalet\/wp-content\/uploads\/2024\/07\/ActivitesNeige03.jpg\" data-elementor-open-lightbox=\"yes\" data-elementor-lightbox-title=\"ActivitesNeige03\" data-e-action-hash=\"#elementor-action%3Aaction%3Dlightbox%26settings%3DeyJpZCI6MTEwMywidXJsIjoiaHR0cHM6XC9cL2pyY29tcHVzb2x1dGlvbnNob3N0aW5nLmNvbVwvY2hhbGV0XC93cC1jb250ZW50XC91cGxvYWRzXC8yMDI0XC8wN1wvQWN0aXZpdGVzTmVpZ2UwMy5qcGcifQ%3D%3D\">\n\t\t\t\t\t\t\t<img decoding=\"async\" width=\"1000\" height=\"600\" src=\"https:\/\/jrcompusolutionshosting.com\/chalet\/wp-content\/uploads\/2024\/07\/ActivitesNeige03.jpg\" class=\"attachment-large size-large wp-image-1103\" alt=\"\" srcset=\"https:\/\/jrcompusolutionshosting.com\/chalet\/wp-content\/uploads\/2024\/07\/ActivitesNeige03.jpg 1000w, https:\/\/jrcompusolutionshosting.com\/chalet\/wp-content\/uploads\/2024\/07\/ActivitesNeige03-300x180.jpg 300w, https:\/\/jrcompusolutionshosting.com\/chalet\/wp-content\/uploads\/2024\/07\/ActivitesNeige03-768x461.jpg 768w\" sizes=\"(max-width: 1000px) 100vw, 1000px\" \/>\t\t\t\t\t\t\t\t<\/a>\n\t\t\t\t\t\t\t\t\t\t\t\t\t\t\t<\/div>\n\t\t\t\t<\/div>\n\t\t\t\t<div class=\"elementor-element elementor-element-b530918 elementor-widget elementor-widget-image\" data-id=\"b530918\" data-element_type=\"widget\" data-widget_type=\"image.default\">\n\t\t\t\t<div class=\"elementor-widget-container\">\n\t\t\t\t\t\t\t\t\t\t\t\t\t\t\t\t<a href=\"https:\/\/jrcompusolutionshosting.com\/chalet\/wp-content\/uploads\/2024\/07\/ActivitesNeige02.jpg\" data-elementor-open-lightbox=\"yes\" data-elementor-lightbox-title=\"ActivitesNeige02\" data-e-action-hash=\"#elementor-action%3Aaction%3Dlightbox%26settings%3DeyJpZCI6MTEwMiwidXJsIjoiaHR0cHM6XC9cL2pyY29tcHVzb2x1dGlvbnNob3N0aW5nLmNvbVwvY2hhbGV0XC93cC1jb250ZW50XC91cGxvYWRzXC8yMDI0XC8wN1wvQWN0aXZpdGVzTmVpZ2UwMi5qcGcifQ%3D%3D\">\n\t\t\t\t\t\t\t<img decoding=\"async\" width=\"1000\" height=\"600\" src=\"https:\/\/jrcompusolutionshosting.com\/chalet\/wp-content\/uploads\/2024\/07\/ActivitesNeige02.jpg\" class=\"attachment-large size-large wp-image-1102\" alt=\"\" srcset=\"https:\/\/jrcompusolutionshosting.com\/chalet\/wp-content\/uploads\/2024\/07\/ActivitesNeige02.jpg 1000w, https:\/\/jrcompusolutionshosting.com\/chalet\/wp-content\/uploads\/2024\/07\/ActivitesNeige02-300x180.jpg 300w, https:\/\/jrcompusolutionshosting.com\/chalet\/wp-content\/uploads\/2024\/07\/ActivitesNeige02-768x461.jpg 768w\" sizes=\"(max-width: 1000px) 100vw, 1000px\" \/>\t\t\t\t\t\t\t\t<\/a>\n\t\t\t\t\t\t\t\t\t\t\t\t\t\t\t<\/div>\n\t\t\t\t<\/div>\n\t\t\t\t<div class=\"elementor-element elementor-element-3270508 elementor-widget elementor-widget-image\" data-id=\"3270508\" data-element_type=\"widget\" data-widget_type=\"image.default\">\n\t\t\t\t<div class=\"elementor-widget-container\">\n\t\t\t\t\t\t\t\t\t\t\t\t\t\t\t\t<a href=\"https:\/\/jrcompusolutionshosting.com\/chalet\/wp-content\/uploads\/2024\/07\/ActivitesNeige01.jpg\" data-elementor-open-lightbox=\"yes\" data-elementor-lightbox-title=\"ActivitesNeige01\" data-e-action-hash=\"#elementor-action%3Aaction%3Dlightbox%26settings%3DeyJpZCI6MTEwMSwidXJsIjoiaHR0cHM6XC9cL2pyY29tcHVzb2x1dGlvbnNob3N0aW5nLmNvbVwvY2hhbGV0XC93cC1jb250ZW50XC91cGxvYWRzXC8yMDI0XC8wN1wvQWN0aXZpdGVzTmVpZ2UwMS5qcGcifQ%3D%3D\">\n\t\t\t\t\t\t\t<img loading=\"lazy\" decoding=\"async\" width=\"1000\" height=\"600\" src=\"https:\/\/jrcompusolutionshosting.com\/chalet\/wp-content\/uploads\/2024\/07\/ActivitesNeige01.jpg\" class=\"attachment-large size-large wp-image-1101\" alt=\"\" srcset=\"https:\/\/jrcompusolutionshosting.com\/chalet\/wp-content\/uploads\/2024\/07\/ActivitesNeige01.jpg 1000w, https:\/\/jrcompusolutionshosting.com\/chalet\/wp-content\/uploads\/2024\/07\/ActivitesNeige01-300x180.jpg 300w, https:\/\/jrcompusolutionshosting.com\/chalet\/wp-content\/uploads\/2024\/07\/ActivitesNeige01-768x461.jpg 768w\" sizes=\"(max-width: 1000px) 100vw, 1000px\" \/>\t\t\t\t\t\t\t\t<\/a>\n\t\t\t\t\t\t\t\t\t\t\t\t\t\t\t<\/div>\n\t\t\t\t<\/div>\n\t\t\t\t<div class=\"elementor-element elementor-element-f39a398 elementor-widget elementor-widget-image\" data-id=\"f39a398\" data-element_type=\"widget\" data-widget_type=\"image.default\">\n\t\t\t\t<div class=\"elementor-widget-container\">\n\t\t\t\t\t\t\t\t\t\t\t\t\t\t\t\t<a href=\"https:\/\/jrcompusolutionshosting.com\/chalet\/wp-content\/uploads\/2024\/07\/Domaine08.jpg\" data-elementor-open-lightbox=\"yes\" data-elementor-lightbox-title=\"Domaine08\" data-e-action-hash=\"#elementor-action%3Aaction%3Dlightbox%26settings%3DeyJpZCI6MTExMiwidXJsIjoiaHR0cHM6XC9cL2pyY29tcHVzb2x1dGlvbnNob3N0aW5nLmNvbVwvY2hhbGV0XC93cC1jb250ZW50XC91cGxvYWRzXC8yMDI0XC8wN1wvRG9tYWluZTA4LmpwZyJ9\">\n\t\t\t\t\t\t\t<img loading=\"lazy\" decoding=\"async\" width=\"1000\" height=\"600\" src=\"https:\/\/jrcompusolutionshosting.com\/chalet\/wp-content\/uploads\/2024\/07\/Domaine08.jpg\" class=\"attachment-large size-large wp-image-1112\" alt=\"\" srcset=\"https:\/\/jrcompusolutionshosting.com\/chalet\/wp-content\/uploads\/2024\/07\/Domaine08.jpg 1000w, https:\/\/jrcompusolutionshosting.com\/chalet\/wp-content\/uploads\/2024\/07\/Domaine08-300x180.jpg 300w, https:\/\/jrcompusolutionshosting.com\/chalet\/wp-content\/uploads\/2024\/07\/Domaine08-768x461.jpg 768w\" sizes=\"(max-width: 1000px) 100vw, 1000px\" \/>\t\t\t\t\t\t\t\t<\/a>\n\t\t\t\t\t\t\t\t\t\t\t\t\t\t\t<\/div>\n\t\t\t\t<\/div>\n\t\t\t\t<div class=\"elementor-element elementor-element-27a7e1c elementor-widget elementor-widget-image\" data-id=\"27a7e1c\" data-element_type=\"widget\" data-widget_type=\"image.default\">\n\t\t\t\t<div class=\"elementor-widget-container\">\n\t\t\t\t\t\t\t\t\t\t\t\t\t\t\t\t<a href=\"https:\/\/jrcompusolutionshosting.com\/chalet\/wp-content\/uploads\/2024\/07\/Domaine07.jpg\" data-elementor-open-lightbox=\"yes\" data-elementor-lightbox-title=\"Domaine07\" data-e-action-hash=\"#elementor-action%3Aaction%3Dlightbox%26settings%3DeyJpZCI6MTExMSwidXJsIjoiaHR0cHM6XC9cL2pyY29tcHVzb2x1dGlvbnNob3N0aW5nLmNvbVwvY2hhbGV0XC93cC1jb250ZW50XC91cGxvYWRzXC8yMDI0XC8wN1wvRG9tYWluZTA3LmpwZyJ9\">\n\t\t\t\t\t\t\t<img loading=\"lazy\" decoding=\"async\" width=\"1000\" height=\"600\" src=\"https:\/\/jrcompusolutionshosting.com\/chalet\/wp-content\/uploads\/2024\/07\/Domaine07.jpg\" class=\"attachment-large size-large wp-image-1111\" alt=\"\" srcset=\"https:\/\/jrcompusolutionshosting.com\/chalet\/wp-content\/uploads\/2024\/07\/Domaine07.jpg 1000w, https:\/\/jrcompusolutionshosting.com\/chalet\/wp-content\/uploads\/2024\/07\/Domaine07-300x180.jpg 300w, https:\/\/jrcompusolutionshosting.com\/chalet\/wp-content\/uploads\/2024\/07\/Domaine07-768x461.jpg 768w\" sizes=\"(max-width: 1000px) 100vw, 1000px\" \/>\t\t\t\t\t\t\t\t<\/a>\n\t\t\t\t\t\t\t\t\t\t\t\t\t\t\t<\/div>\n\t\t\t\t<\/div>\n\t\t\t\t<div class=\"elementor-element elementor-element-c6e04ac elementor-widget elementor-widget-image\" data-id=\"c6e04ac\" data-element_type=\"widget\" data-widget_type=\"image.default\">\n\t\t\t\t<div class=\"elementor-widget-container\">\n\t\t\t\t\t\t\t\t\t\t\t\t\t\t\t\t<a href=\"https:\/\/jrcompusolutionshosting.com\/chalet\/wp-content\/uploads\/2024\/07\/Domaine05.jpg\" data-elementor-open-lightbox=\"yes\" data-elementor-lightbox-title=\"Domaine05\" data-e-action-hash=\"#elementor-action%3Aaction%3Dlightbox%26settings%3DeyJpZCI6MTEwOSwidXJsIjoiaHR0cHM6XC9cL2pyY29tcHVzb2x1dGlvbnNob3N0aW5nLmNvbVwvY2hhbGV0XC93cC1jb250ZW50XC91cGxvYWRzXC8yMDI0XC8wN1wvRG9tYWluZTA1LmpwZyJ9\">\n\t\t\t\t\t\t\t<img loading=\"lazy\" decoding=\"async\" width=\"1000\" height=\"600\" src=\"https:\/\/jrcompusolutionshosting.com\/chalet\/wp-content\/uploads\/2024\/07\/Domaine05.jpg\" class=\"attachment-large size-large wp-image-1109\" alt=\"\" srcset=\"https:\/\/jrcompusolutionshosting.com\/chalet\/wp-content\/uploads\/2024\/07\/Domaine05.jpg 1000w, https:\/\/jrcompusolutionshosting.com\/chalet\/wp-content\/uploads\/2024\/07\/Domaine05-300x180.jpg 300w, https:\/\/jrcompusolutionshosting.com\/chalet\/wp-content\/uploads\/2024\/07\/Domaine05-768x461.jpg 768w\" sizes=\"(max-width: 1000px) 100vw, 1000px\" \/>\t\t\t\t\t\t\t\t<\/a>\n\t\t\t\t\t\t\t\t\t\t\t\t\t\t\t<\/div>\n\t\t\t\t<\/div>\n\t\t\t\t<div class=\"elementor-element elementor-element-c9e370c elementor-widget elementor-widget-image\" data-id=\"c9e370c\" data-element_type=\"widget\" data-widget_type=\"image.default\">\n\t\t\t\t<div class=\"elementor-widget-container\">\n\t\t\t\t\t\t\t\t\t\t\t\t\t\t\t\t<a href=\"https:\/\/jrcompusolutionshosting.com\/chalet\/wp-content\/uploads\/2024\/07\/Domaine04.jpg\" data-elementor-open-lightbox=\"yes\" data-elementor-lightbox-title=\"Domaine04\" data-e-action-hash=\"#elementor-action%3Aaction%3Dlightbox%26settings%3DeyJpZCI6MTEwOCwidXJsIjoiaHR0cHM6XC9cL2pyY29tcHVzb2x1dGlvbnNob3N0aW5nLmNvbVwvY2hhbGV0XC93cC1jb250ZW50XC91cGxvYWRzXC8yMDI0XC8wN1wvRG9tYWluZTA0LmpwZyJ9\">\n\t\t\t\t\t\t\t<img loading=\"lazy\" decoding=\"async\" width=\"1000\" height=\"600\" src=\"https:\/\/jrcompusolutionshosting.com\/chalet\/wp-content\/uploads\/2024\/07\/Domaine04.jpg\" class=\"attachment-large size-large wp-image-1108\" alt=\"\" srcset=\"https:\/\/jrcompusolutionshosting.com\/chalet\/wp-content\/uploads\/2024\/07\/Domaine04.jpg 1000w, https:\/\/jrcompusolutionshosting.com\/chalet\/wp-content\/uploads\/2024\/07\/Domaine04-300x180.jpg 300w, https:\/\/jrcompusolutionshosting.com\/chalet\/wp-content\/uploads\/2024\/07\/Domaine04-768x461.jpg 768w\" sizes=\"(max-width: 1000px) 100vw, 1000px\" \/>\t\t\t\t\t\t\t\t<\/a>\n\t\t\t\t\t\t\t\t\t\t\t\t\t\t\t<\/div>\n\t\t\t\t<\/div>\n\t\t\t\t<div class=\"elementor-element elementor-element-c56f89a elementor-widget elementor-widget-image\" data-id=\"c56f89a\" data-element_type=\"widget\" data-widget_type=\"image.default\">\n\t\t\t\t<div class=\"elementor-widget-container\">\n\t\t\t\t\t\t\t\t\t\t\t\t\t\t\t\t<a href=\"https:\/\/jrcompusolutionshosting.com\/chalet\/wp-content\/uploads\/2024\/07\/Animaux01.jpg\" data-elementor-open-lightbox=\"yes\" data-elementor-lightbox-title=\"Animaux01\" data-e-action-hash=\"#elementor-action%3Aaction%3Dlightbox%26settings%3DeyJpZCI6MTEwMCwidXJsIjoiaHR0cHM6XC9cL2pyY29tcHVzb2x1dGlvbnNob3N0aW5nLmNvbVwvY2hhbGV0XC93cC1jb250ZW50XC91cGxvYWRzXC8yMDI0XC8wN1wvQW5pbWF1eDAxLmpwZyJ9\">\n\t\t\t\t\t\t\t<img loading=\"lazy\" decoding=\"async\" width=\"1000\" height=\"600\" src=\"https:\/\/jrcompusolutionshosting.com\/chalet\/wp-content\/uploads\/2024\/07\/Animaux01.jpg\" class=\"attachment-large size-large wp-image-1100\" alt=\"\" srcset=\"https:\/\/jrcompusolutionshosting.com\/chalet\/wp-content\/uploads\/2024\/07\/Animaux01.jpg 1000w, https:\/\/jrcompusolutionshosting.com\/chalet\/wp-content\/uploads\/2024\/07\/Animaux01-300x180.jpg 300w, https:\/\/jrcompusolutionshosting.com\/chalet\/wp-content\/uploads\/2024\/07\/Animaux01-768x461.jpg 768w\" sizes=\"(max-width: 1000px) 100vw, 1000px\" \/>\t\t\t\t\t\t\t\t<\/a>\n\t\t\t\t\t\t\t\t\t\t\t\t\t\t\t<\/div>\n\t\t\t\t<\/div>\n\t\t\t\t<div class=\"elementor-element elementor-element-9d75feb elementor-widget elementor-widget-image\" data-id=\"9d75feb\" data-element_type=\"widget\" data-widget_type=\"image.default\">\n\t\t\t\t<div class=\"elementor-widget-container\">\n\t\t\t\t\t\t\t\t\t\t\t\t\t\t\t\t<a href=\"https:\/\/jrcompusolutionshosting.com\/chalet\/wp-content\/uploads\/2024\/07\/Animaux04.jpg\" data-elementor-open-lightbox=\"yes\" data-elementor-lightbox-title=\"Animaux04\" data-e-action-hash=\"#elementor-action%3Aaction%3Dlightbox%26settings%3DeyJpZCI6MTAyMiwidXJsIjoiaHR0cHM6XC9cL2pyY29tcHVzb2x1dGlvbnNob3N0aW5nLmNvbVwvY2hhbGV0XC93cC1jb250ZW50XC91cGxvYWRzXC8yMDI0XC8wN1wvQW5pbWF1eDA0LmpwZyJ9\">\n\t\t\t\t\t\t\t<img loading=\"lazy\" decoding=\"async\" width=\"1000\" height=\"600\" src=\"https:\/\/jrcompusolutionshosting.com\/chalet\/wp-content\/uploads\/2024\/07\/Animaux04.jpg\" class=\"attachment-large size-large wp-image-1022\" alt=\"\" srcset=\"https:\/\/jrcompusolutionshosting.com\/chalet\/wp-content\/uploads\/2024\/07\/Animaux04.jpg 1000w, https:\/\/jrcompusolutionshosting.com\/chalet\/wp-content\/uploads\/2024\/07\/Animaux04-300x180.jpg 300w, https:\/\/jrcompusolutionshosting.com\/chalet\/wp-content\/uploads\/2024\/07\/Animaux04-768x461.jpg 768w\" sizes=\"(max-width: 1000px) 100vw, 1000px\" \/>\t\t\t\t\t\t\t\t<\/a>\n\t\t\t\t\t\t\t\t\t\t\t\t\t\t\t<\/div>\n\t\t\t\t<\/div>\n\t\t\t\t<div class=\"elementor-element elementor-element-093add0 elementor-widget elementor-widget-image\" data-id=\"093add0\" data-element_type=\"widget\" data-widget_type=\"image.default\">\n\t\t\t\t<div class=\"elementor-widget-container\">\n\t\t\t\t\t\t\t\t\t\t\t\t\t\t\t\t<a href=\"https:\/\/jrcompusolutionshosting.com\/chalet\/wp-content\/uploads\/2024\/07\/Animaux03.jpg\" data-elementor-open-lightbox=\"yes\" data-elementor-lightbox-title=\"Animaux03\" data-e-action-hash=\"#elementor-action%3Aaction%3Dlightbox%26settings%3DeyJpZCI6MTAyMSwidXJsIjoiaHR0cHM6XC9cL2pyY29tcHVzb2x1dGlvbnNob3N0aW5nLmNvbVwvY2hhbGV0XC93cC1jb250ZW50XC91cGxvYWRzXC8yMDI0XC8wN1wvQW5pbWF1eDAzLmpwZyJ9\">\n\t\t\t\t\t\t\t<img loading=\"lazy\" decoding=\"async\" width=\"1000\" height=\"600\" src=\"https:\/\/jrcompusolutionshosting.com\/chalet\/wp-content\/uploads\/2024\/07\/Animaux03.jpg\" class=\"attachment-large size-large wp-image-1021\" alt=\"\" srcset=\"https:\/\/jrcompusolutionshosting.com\/chalet\/wp-content\/uploads\/2024\/07\/Animaux03.jpg 1000w, https:\/\/jrcompusolutionshosting.com\/chalet\/wp-content\/uploads\/2024\/07\/Animaux03-300x180.jpg 300w, https:\/\/jrcompusolutionshosting.com\/chalet\/wp-content\/uploads\/2024\/07\/Animaux03-768x461.jpg 768w\" sizes=\"(max-width: 1000px) 100vw, 1000px\" \/>\t\t\t\t\t\t\t\t<\/a>\n\t\t\t\t\t\t\t\t\t\t\t\t\t\t\t<\/div>\n\t\t\t\t<\/div>\n\t\t\t\t<div class=\"elementor-element elementor-element-6b535b3 elementor-widget elementor-widget-image\" data-id=\"6b535b3\" data-element_type=\"widget\" data-widget_type=\"image.default\">\n\t\t\t\t<div class=\"elementor-widget-container\">\n\t\t\t\t\t\t\t\t\t\t\t\t\t\t\t\t<a href=\"https:\/\/jrcompusolutionshosting.com\/chalet\/wp-content\/uploads\/2024\/07\/Animaux02.jpg\" data-elementor-open-lightbox=\"yes\" data-elementor-lightbox-title=\"Animaux02\" data-e-action-hash=\"#elementor-action%3Aaction%3Dlightbox%26settings%3DeyJpZCI6MTAyMCwidXJsIjoiaHR0cHM6XC9cL2pyY29tcHVzb2x1dGlvbnNob3N0aW5nLmNvbVwvY2hhbGV0XC93cC1jb250ZW50XC91cGxvYWRzXC8yMDI0XC8wN1wvQW5pbWF1eDAyLmpwZyJ9\">\n\t\t\t\t\t\t\t<img loading=\"lazy\" decoding=\"async\" width=\"1000\" height=\"600\" src=\"https:\/\/jrcompusolutionshosting.com\/chalet\/wp-content\/uploads\/2024\/07\/Animaux02.jpg\" class=\"attachment-large size-large wp-image-1020\" alt=\"\" srcset=\"https:\/\/jrcompusolutionshosting.com\/chalet\/wp-content\/uploads\/2024\/07\/Animaux02.jpg 1000w, https:\/\/jrcompusolutionshosting.com\/chalet\/wp-content\/uploads\/2024\/07\/Animaux02-300x180.jpg 300w, https:\/\/jrcompusolutionshosting.com\/chalet\/wp-content\/uploads\/2024\/07\/Animaux02-768x461.jpg 768w\" sizes=\"(max-width: 1000px) 100vw, 1000px\" \/>\t\t\t\t\t\t\t\t<\/a>\n\t\t\t\t\t\t\t\t\t\t\t\t\t\t\t<\/div>\n\t\t\t\t<\/div>\n\t\t\t\t\t<\/div>\n\t\t\t\t<\/div>\n\t\t\t\t<\/div>\n\t\t","protected":false},"excerpt":{"rendered":"<p>Activit\u00e9s Chalet Beausoleil offre une multitude d&#8217;activit\u00e9s pour tous les go\u00fbts et toutes les saisons. Que vous soyez en qu\u00eate [&hellip;]<\/p>\n","protected":false},"author":1,"featured_media":0,"parent":0,"menu_order":0,"comment_status":"closed","ping_status":"closed","template":"","meta":{"inline_featured_image":false,"site-sidebar-layout":"no-sidebar","site-content-layout":"","ast-site-content-layout":"normal-width-container","site-content-style":"default","site-sidebar-style":"default","ast-global-header-display":"","ast-banner-title-visibility":"","ast-main-header-display":"","ast-hfb-above-header-display":"","ast-hfb-below-header-display":"","ast-hfb-mobile-header-display":"","site-post-title":"disabled","ast-breadcrumbs-content":"","ast-featured-img":"disabled","footer-sml-layout":"","theme-transparent-header-meta":"","adv-header-id-meta":"","stick-header-meta":"","header-above-stick-meta":"","header-main-stick-meta":"","header-below-stick-meta":"","astra-migrate-meta-layouts":"default","ast-page-background-enabled":"default","ast-page-background-meta":{"desktop":{"background-color":"var(--ast-global-color-4)","background-image":"","background-repeat":"repeat","background-position":"center center","background-size":"auto","background-attachment":"scroll","background-type":"","background-media":"","overlay-type":"","overlay-color":"","overlay-opacity":"","overlay-gradient":""},"tablet":{"background-color":"","background-image":"","background-repeat":"repeat","background-position":"center center","background-size":"auto","background-attachment":"scroll","background-type":"","background-media":"","overlay-type":"","overlay-color":"","overlay-opacity":"","overlay-gradient":""},"mobile":{"background-color":"","background-image":"","background-repeat":"repeat","background-position":"center center","background-size":"auto","background-attachment":"scroll","background-type":"","background-media":"","overlay-type":"","overlay-color":"","overlay-opacity":"","overlay-gradient":""}},"ast-content-background-meta":{"desktop":{"background-color":"var(--ast-global-color-5)","background-image":"","background-repeat":"repeat","background-position":"center center","background-size":"auto","background-attachment":"scroll","background-type":"","background-media":"","overlay-type":"","overlay-color":"","overlay-opacity":"","overlay-gradient":""},"tablet":{"background-color":"var(--ast-global-color-5)","background-image":"","background-repeat":"repeat","background-position":"center center","background-size":"auto","background-attachment":"scroll","background-type":"","background-media":"","overlay-type":"","overlay-color":"","overlay-opacity":"","overlay-gradient":""},"mobile":{"background-color":"var(--ast-global-color-5)","background-image":"","background-repeat":"repeat","background-position":"center center","background-size":"auto","background-attachment":"scroll","background-type":"","background-media":"","overlay-type":"","overlay-color":"","overlay-opacity":"","overlay-gradient":""}},"footnotes":""},"class_list":["post-1137","page","type-page","status-publish","hentry"],"_links":{"self":[{"href":"https:\/\/jrcompusolutionshosting.com\/chalet\/wp-json\/wp\/v2\/pages\/1137","targetHints":{"allow":["GET"]}}],"collection":[{"href":"https:\/\/jrcompusolutionshosting.com\/chalet\/wp-json\/wp\/v2\/pages"}],"about":[{"href":"https:\/\/jrcompusolutionshosting.com\/chalet\/wp-json\/wp\/v2\/types\/page"}],"author":[{"embeddable":true,"href":"https:\/\/jrcompusolutionshosting.com\/chalet\/wp-json\/wp\/v2\/users\/1"}],"replies":[{"embeddable":true,"href":"https:\/\/jrcompusolutionshosting.com\/chalet\/wp-json\/wp\/v2\/comments?post=1137"}],"version-history":[{"count":101,"href":"https:\/\/jrcompusolutionshosting.com\/chalet\/wp-json\/wp\/v2\/pages\/1137\/revisions"}],"predecessor-version":[{"id":1242,"href":"https:\/\/jrcompusolutionshosting.com\/chalet\/wp-json\/wp\/v2\/pages\/1137\/revisions\/1242"}],"wp:attachment":[{"href":"https:\/\/jrcompusolutionshosting.com\/chalet\/wp-json\/wp\/v2\/media?parent=1137"}],"curies":[{"name":"wp","href":"https:\/\/api.w.org\/{rel}","templated":true}]}}