{"id":754,"date":"2024-07-13T15:29:42","date_gmt":"2024-07-13T20:29:42","guid":{"rendered":"https:\/\/jrcompusolutionshosting.com\/chalet\/?page_id=754"},"modified":"2024-11-20T07:39:40","modified_gmt":"2024-11-20T12:39:40","slug":"a-propos-de-nous","status":"publish","type":"page","link":"https:\/\/jrcompusolutionshosting.com\/chalet\/a-propos-de-nous\/","title":{"rendered":"A propos de nous"},"content":{"rendered":"\t\t<div data-elementor-type=\"wp-page\" data-elementor-id=\"754\" class=\"elementor elementor-754\">\n\t\t\t\t<div class=\"elementor-element elementor-element-9694f65 e-flex e-con-boxed e-con e-parent\" data-id=\"9694f65\" data-element_type=\"container\">\n\t\t\t\t\t<div class=\"e-con-inner\">\n\t\t\t\t<div class=\"elementor-element elementor-element-2998ecd elementor-widget elementor-widget-spacer\" data-id=\"2998ecd\" data-element_type=\"widget\" data-widget_type=\"spacer.default\">\n\t\t\t\t<div class=\"elementor-widget-container\">\n\t\t\t\t\t\t\t<div class=\"elementor-spacer\">\n\t\t\t<div class=\"elementor-spacer-inner\"><\/div>\n\t\t<\/div>\n\t\t\t\t\t\t<\/div>\n\t\t\t\t<\/div>\n\t\t\t\t\t<\/div>\n\t\t\t\t<\/div>\n\t\t<div class=\"elementor-element elementor-element-29c56f1 e-flex e-con-boxed e-con e-parent\" data-id=\"29c56f1\" data-element_type=\"container\" data-settings=\"{&quot;background_background&quot;:&quot;classic&quot;}\">\n\t\t\t\t\t<div class=\"e-con-inner\">\n\t\t\t\t<div class=\"elementor-element elementor-element-133e91e elementor-widget elementor-widget-heading\" data-id=\"133e91e\" data-element_type=\"widget\" data-widget_type=\"heading.default\">\n\t\t\t\t<div class=\"elementor-widget-container\">\n\t\t\t\t\t<h1 class=\"elementor-heading-title elementor-size-default\">A propos de nous<\/h1>\t\t\t\t<\/div>\n\t\t\t\t<\/div>\n\t\t\t\t\t<\/div>\n\t\t\t\t<\/div>\n\t\t<div class=\"elementor-element elementor-element-b97625b e-flex e-con-boxed e-con e-parent\" data-id=\"b97625b\" data-element_type=\"container\">\n\t\t\t\t\t<div class=\"e-con-inner\">\n\t\t\t\t<div class=\"elementor-element elementor-element-5f8c916 elementor-widget elementor-widget-spacer\" data-id=\"5f8c916\" data-element_type=\"widget\" data-widget_type=\"spacer.default\">\n\t\t\t\t<div class=\"elementor-widget-container\">\n\t\t\t\t\t\t\t<div class=\"elementor-spacer\">\n\t\t\t<div class=\"elementor-spacer-inner\"><\/div>\n\t\t<\/div>\n\t\t\t\t\t\t<\/div>\n\t\t\t\t<\/div>\n\t\t\t\t\t<\/div>\n\t\t\t\t<\/div>\n\t\t<div class=\"elementor-element elementor-element-5e80a67 e-flex e-con-boxed e-con e-parent\" data-id=\"5e80a67\" data-element_type=\"container\" data-settings=\"{&quot;background_background&quot;:&quot;classic&quot;}\">\n\t\t\t\t\t<div class=\"e-con-inner\">\n\t\t\t\t<div class=\"elementor-element elementor-element-eb428da elementor-widget elementor-widget-image\" data-id=\"eb428da\" data-element_type=\"widget\" data-widget_type=\"image.default\">\n\t\t\t\t<div class=\"elementor-widget-container\">\n\t\t\t\t\t\t\t\t\t\t\t\t\t\t\t<img fetchpriority=\"high\" decoding=\"async\" width=\"712\" height=\"373\" src=\"https:\/\/jrcompusolutionshosting.com\/chalet\/wp-content\/uploads\/2024\/11\/MaisonAccueil3-1.jpg\" class=\"attachment-medium_large size-medium_large wp-image-1359\" alt=\"\" srcset=\"https:\/\/jrcompusolutionshosting.com\/chalet\/wp-content\/uploads\/2024\/11\/MaisonAccueil3-1.jpg 712w, https:\/\/jrcompusolutionshosting.com\/chalet\/wp-content\/uploads\/2024\/11\/MaisonAccueil3-1-300x157.jpg 300w\" sizes=\"(max-width: 712px) 100vw, 712px\" \/>\t\t\t\t\t\t\t\t\t\t\t\t\t\t\t<\/div>\n\t\t\t\t<\/div>\n\t\t\t\t<div class=\"elementor-element elementor-element-a32072f elementor-widget elementor-widget-text-editor\" data-id=\"a32072f\" data-element_type=\"widget\" data-widget_type=\"text-editor.default\">\n\t\t\t\t<div class=\"elementor-widget-container\">\n\t\t\t\t\t\t\t\t\t<p><strong>Dans le domaine du tourisme depuis plus de 25 ans, situ\u00e9 \u00e0 Mandeville dans Lanaudi\u00e8re, nous sommes heureux de partager avec vous notre petit coin de paradis. \u00c0 1:30 h de Montr\u00e9al et 2:00 h de la ville de Qu\u00e9bec.<\/strong><\/p><p><strong>Notre for\u00eat priv\u00e9e de 150 arpents permet de vous \u00e9merveiller. Cette r\u00e9gion offre une nature d\u00b4une grande beaut\u00e9 encore sauvage. Les nombreux cours d&#8217;eau tels que lacs, rivi\u00e8res avec cascades vous permettra de vivre et d\u00b4appr\u00e9cier le moment pr\u00e9sent.<\/strong><\/p><p><strong>Nos chalets sont tous r\u00e9nov\u00e9s avec go\u00fbt. La finition int\u00e9rieure en bois de chacun d\u00e9gage un sentiment de bien-\u00eatre appr\u00e9ciable.<\/strong><\/p><p><strong>L\u00b4observation de la faune et de la flore dans son habitat assure un s\u00e9jour inoubliable.<\/strong><\/p>\t\t\t\t\t\t\t\t<\/div>\n\t\t\t\t<\/div>\n\t\t\t\t\t<\/div>\n\t\t\t\t<\/div>\n\t\t\t\t<\/div>\n\t\t","protected":false},"excerpt":{"rendered":"<p>A propos de nous Dans le domaine du tourisme depuis plus de 25 ans, situ\u00e9 \u00e0 Mandeville dans Lanaudi\u00e8re, nous [&hellip;]<\/p>\n","protected":false},"author":1,"featured_media":0,"parent":0,"menu_order":0,"comment_status":"closed","ping_status":"closed","template":"","meta":{"inline_featured_image":false,"site-sidebar-layout":"default","site-content-layout":"","ast-site-content-layout":"","site-content-style":"default","site-sidebar-style":"default","ast-global-header-display":"","ast-banner-title-visibility":"","ast-main-header-display":"","ast-hfb-above-header-display":"","ast-hfb-below-header-display":"","ast-hfb-mobile-header-display":"","site-post-title":"","ast-breadcrumbs-content":"","ast-featured-img":"","footer-sml-layout":"","theme-transparent-header-meta":"","adv-header-id-meta":"","stick-header-meta":"","header-above-stick-meta":"","header-main-stick-meta":"","header-below-stick-meta":"","astra-migrate-meta-layouts":"default","ast-page-background-enabled":"default","ast-page-background-meta":{"desktop":{"background-color":"var(--ast-global-color-4)","background-image":"","background-repeat":"repeat","background-position":"center center","background-size":"auto","background-attachment":"scroll","background-type":"","background-media":"","overlay-type":"","overlay-color":"","overlay-opacity":"","overlay-gradient":""},"tablet":{"background-color":"","background-image":"","background-repeat":"repeat","background-position":"center center","background-size":"auto","background-attachment":"scroll","background-type":"","background-media":"","overlay-type":"","overlay-color":"","overlay-opacity":"","overlay-gradient":""},"mobile":{"background-color":"","background-image":"","background-repeat":"repeat","background-position":"center center","background-size":"auto","background-attachment":"scroll","background-type":"","background-media":"","overlay-type":"","overlay-color":"","overlay-opacity":"","overlay-gradient":""}},"ast-content-background-meta":{"desktop":{"background-color":"var(--ast-global-color-5)","background-image":"","background-repeat":"repeat","background-position":"center center","background-size":"auto","background-attachment":"scroll","background-type":"","background-media":"","overlay-type":"","overlay-color":"","overlay-opacity":"","overlay-gradient":""},"tablet":{"background-color":"var(--ast-global-color-5)","background-image":"","background-repeat":"repeat","background-position":"center center","background-size":"auto","background-attachment":"scroll","background-type":"","background-media":"","overlay-type":"","overlay-color":"","overlay-opacity":"","overlay-gradient":""},"mobile":{"background-color":"var(--ast-global-color-5)","background-image":"","background-repeat":"repeat","background-position":"center center","background-size":"auto","background-attachment":"scroll","background-type":"","background-media":"","overlay-type":"","overlay-color":"","overlay-opacity":"","overlay-gradient":""}},"footnotes":""},"class_list":["post-754","page","type-page","status-publish","hentry"],"_links":{"self":[{"href":"https:\/\/jrcompusolutionshosting.com\/chalet\/wp-json\/wp\/v2\/pages\/754","targetHints":{"allow":["GET"]}}],"collection":[{"href":"https:\/\/jrcompusolutionshosting.com\/chalet\/wp-json\/wp\/v2\/pages"}],"about":[{"href":"https:\/\/jrcompusolutionshosting.com\/chalet\/wp-json\/wp\/v2\/types\/page"}],"author":[{"embeddable":true,"href":"https:\/\/jrcompusolutionshosting.com\/chalet\/wp-json\/wp\/v2\/users\/1"}],"replies":[{"embeddable":true,"href":"https:\/\/jrcompusolutionshosting.com\/chalet\/wp-json\/wp\/v2\/comments?post=754"}],"version-history":[{"count":52,"href":"https:\/\/jrcompusolutionshosting.com\/chalet\/wp-json\/wp\/v2\/pages\/754\/revisions"}],"predecessor-version":[{"id":1374,"href":"https:\/\/jrcompusolutionshosting.com\/chalet\/wp-json\/wp\/v2\/pages\/754\/revisions\/1374"}],"wp:attachment":[{"href":"https:\/\/jrcompusolutionshosting.com\/chalet\/wp-json\/wp\/v2\/media?parent=754"}],"curies":[{"name":"wp","href":"https:\/\/api.w.org\/{rel}","templated":true}]}}